{"id":282,"date":"2018-06-19T14:05:14","date_gmt":"2018-06-19T18:05:14","guid":{"rendered":"http:\/\/grss-isprs.ufms.br\/?page_id=282"},"modified":"2018-06-19T14:43:37","modified_gmt":"2018-06-19T18:43:37","slug":"comite-do-programa","status":"publish","type":"page","link":"https:\/\/grss-isprs.ufms.br\/en\/comite-do-programa\/","title":{"rendered":"Program Committee"},"content":{"rendered":"<p style=\"text-align: center\">Dra. Ana Paula da Silva Marques (Unoeste)<\/p>\n<p style=\"text-align: center\">Dr. Anderson Vi\u00e7oso de Ara\u00fajo (UFMS)<\/p>\n<p style=\"text-align: center\">Dra. Beatriz Lima de Paula (UFMS)<\/p>\n<p style=\"text-align: center\">Dr. Bruno Brandoli Machado (UFMS)<\/p>\n<p style=\"text-align: center\">Dr. Edson Takashi Matsubara (UFMS)<\/p>\n<p style=\"text-align: center\">Dr. \u00c9rico Martins (UFMT)<\/p>\n<p style=\"text-align: center\">Dr. Ivan Bergier (Embrapa)<\/p>\n<p style=\"text-align: center\">Dr. Jonathan de Andrade Silva (UFMS)<\/p>\n<p style=\"text-align: center\">Dr. Roberto Macedo Gamarra (UFMS)<\/p>\n<p style=\"text-align: center\">Dra. Valguima Victoria Viana Aguiar Odakura (UFGD)<\/p>\n<p style=\"text-align: center\">Dr. Vanessa Jord\u00e3o Marcato (UFGD)<\/p>\n<p style=\"text-align: center\">Dr. Vitor Bacani (UFMS)<\/p>\n<p style=\"text-align: center\">Dr. Wesley Nunes Gon\u00e7alves (UFMS)<\/p>\n<p style=\"text-align: center\">Dr. Willian Paraguassu Amorim (UFGD)<\/p>\n","protected":false},"excerpt":{"rendered":"<p>Dra. Ana Paula da Silva Marques (Unoeste) Dr. Anderson Vi\u00e7oso de Ara\u00fajo (UFMS) Dra. Beatriz Lima de Paula (UFMS) Dr. Bruno Brandoli Machado (UFMS) Dr. Edson Takashi Matsubara (UFMS) Dr. \u00c9rico Martins (UFMT) Dr. Ivan Bergier (Embrapa) Dr. Jonathan de Andrade Silva (UFMS) Dr. Roberto Macedo Gamarra (UFMS) Dra. Valguima Victoria Viana Aguiar Odakura (UFGD) [&hellip;]<\/p>\n","protected":false},"author":6465,"featured_media":0,"parent":0,"menu_order":0,"comment_status":"closed","ping_status":"closed","template":"","meta":{"ngg_post_thumbnail":0,"footnotes":""},"coauthors":[],"class_list":["post-282","page","type-page","status-publish","hentry"],"_links":{"self":[{"href":"https:\/\/grss-isprs.ufms.br\/en\/wp-json\/wp\/v2\/pages\/282","targetHints":{"allow":["GET"]}}],"collection":[{"href":"https:\/\/grss-isprs.ufms.br\/en\/wp-json\/wp\/v2\/pages"}],"about":[{"href":"https:\/\/grss-isprs.ufms.br\/en\/wp-json\/wp\/v2\/types\/page"}],"author":[{"embeddable":true,"href":"https:\/\/grss-isprs.ufms.br\/en\/wp-json\/wp\/v2\/users\/6465"}],"replies":[{"embeddable":true,"href":"https:\/\/grss-isprs.ufms.br\/en\/wp-json\/wp\/v2\/comments?post=282"}],"version-history":[{"count":2,"href":"https:\/\/grss-isprs.ufms.br\/en\/wp-json\/wp\/v2\/pages\/282\/revisions"}],"predecessor-version":[{"id":284,"href":"https:\/\/grss-isprs.ufms.br\/en\/wp-json\/wp\/v2\/pages\/282\/revisions\/284"}],"wp:attachment":[{"href":"https:\/\/grss-isprs.ufms.br\/en\/wp-json\/wp\/v2\/media?parent=282"}],"wp:term":[{"taxonomy":"author","embeddable":true,"href":"https:\/\/grss-isprs.ufms.br\/en\/wp-json\/wp\/v2\/coauthors?post=282"}],"curies":[{"name":"wp","href":"https:\/\/api.w.org\/{rel}","templated":true}]}}