{"id":575,"date":"2018-10-16T14:52:04","date_gmt":"2018-10-16T18:52:04","guid":{"rendered":"http:\/\/grss-isprs.ufms.br\/?page_id=575"},"modified":"2018-10-23T09:48:29","modified_gmt":"2018-10-23T13:48:29","slug":"presentation-date","status":"publish","type":"page","link":"https:\/\/grss-isprs.ufms.br\/en\/presentation-date\/","title":{"rendered":"Presentation Date"},"content":{"rendered":"<h2 style=\"text-align: center\"><strong>Tuesday, 30 &#8211; Oct.<\/strong><\/h2>\n<p>&nbsp;<\/p>\n<p>Carina Colman, Paulo Tarso Oliveira, Andr\u00e9 Almagro and Britaldo Soares Filho<\/p>\n<p>IMPACTS OF CLIMATE AND LAND USE CHANGE ON SOIL EROSION IN THE UPPER PARAGUAY BASIN<\/p>\n<p>&nbsp;<\/p>\n<p>Marcela do Valle Machado, Antonio Maria Garcia Tommaselli and Mariana Batista Campos<\/p>\n<p>ASSESSMENT OF A LIGHT-WEIGHT UAV LASER SCANNING SYSTEM FOR DSM GENERATION<\/p>\n<p>&nbsp;<\/p>\n<p>Ariadne Barbosa Gon\u00e7alves, Gilberto Astolfi and Hemerson Pistori<\/p>\n<p>USING COMPUTER VISION AND MACHINE LEARNING TO IDENTIFY ANTHROPIZED AND VEGETATION COVER AREAS<\/p>\n<p>&nbsp;<\/p>\n<p>Silvio Ricardo Santos Ascen\u00e7\u00e3o, M\u00e1rcio Santos Araujo, Maur\u00edcio De Souza, Geison Rezende Filho, Edson Takashi Matsubara and Jos\u00e9 Marcato Junior<\/p>\n<p>UAV APPLIED TO THE ESTIMATION OF DIAMETER AT BREAST HEIGHT (DBH) ON ROADSIDES TREES<\/p>\n<p>&nbsp;<\/p>\n<p>Jos\u00e9 Martins, Jos\u00e9 Junior and M\u00e1rcio Araujo<\/p>\n<p>EFFECTS OF IMAGES OVERLAP IN THE GENERATION OF ORTHOMOSAIC IN FOREST CONTEXT<\/p>\n<p>&nbsp;<\/p>\n<p>Juliana Diniz and Fabio Gama<\/p>\n<p>H\/ALPHA DUAL-POL DECOMPOSITION FOR MAPPING LULC IN A REGION OF AMAZON FOREST<\/p>\n<p>&nbsp;<\/p>\n<p>Thais Thom\u00e9, Carina Colman, Rodrigo Pereira, Andr\u00e9 Almagro and Paulo Oliveira<\/p>\n<p>REMOTE SENSING APPROACHES TO DETERMINE THE COVER AND MANAGEMENT FACTOR OF RUSLE<\/p>\n<p>&nbsp;<\/p>\n<p>Yuri Becker, Geison Salgado Filho and Jos\u00e9 Marcato Junior<\/p>\n<p>PAVEMENT CONDITION EVALUATION USING UAV IMAGES<\/p>\n<p>&nbsp;<\/p>\n<p>Nayara Estrabis, David Martini and Jos\u00e9 Marcato Junior<\/p>\n<p>GOOGLE EARTH ENGINE APPLIED TO LAND COVER MAPPING IN MATO GROSSO DO SUL \u2013 BRAZIL<\/p>\n<p>&nbsp;<\/p>\n<p>Guilherme Gomes Pessoa, Amilton Amorim and Mauricio Galo<\/p>\n<p>OFF-THE-SHELF CAMERA STABILITY ASSESSMENT<\/p>\n<p>&nbsp;<\/p>\n<p>Amanda Silveira, Isabela Carvalho and Antonio Paranhos Filho<\/p>\n<p>MULTITEMPORAL ANALYSIS OF CONTINENTAL WETLANDS: THE CASE STUDY OF THE NABILEQUE PANTANAL<\/p>\n<p>&nbsp;<\/p>\n<p>Silas Costa, Washington Rocha, Pablo Santos, Di\u00eago Costa and Rodrigo Vasconcelos<\/p>\n<p>HYPERSPECTRAL DATA CUBE TO MAPPING MINERAL DIVERSITY ON CARBONATIC BASIN<\/p>\n<p>&nbsp;<\/p>\n<h2 style=\"text-align: center\"><strong>Wednesday, 31 &#8211; Oct.<\/strong><\/h2>\n<p>&nbsp;<\/p>\n<p>Mariana Batista Campos, Leticia Ferrari Castanheiro and Antonio Maria Garcia Tommaselli<\/p>\n<p>FEATURE-BASED MATCHING ASSESSMENT IN OMNIDIRECTIONAL IMAGES FOR CLOSE RANGE PHOTOGRAMMETRY APPLICATIONS<\/p>\n<p>&nbsp;<\/p>\n<p>Vanessa Aparecida De Moraes Weber, Fabricio De Lima Weber, Adair Da Silva Oliveira Junior, Gilberto Astolfi, Maria Istela Cagnin Machado, Hemerson Pistori, Marina de Nadai Bonin, Luis Carlos Vinhas \u00cdtavo, Eduardo Souza Leal and Jos\u00e9 Marcato Junior<\/p>\n<p>CATTLE SEGMENTATION USING UAVS SUPPORTED BY COMPUTER VISION TECHNIQUES: PRELIMINARY RESULTS<\/p>\n<p>&nbsp;<\/p>\n<p>Lucas P. Osco, Ana Paula Marques Ramos, Jos\u00e9 E Creste, \u00c9rika A Saito, Nilton N Imai, Edson T Matsubara and Jos\u00e9 Marcato Junior<\/p>\n<p>PERFORMANCE EVALUATION OF THE PIX4DMAPPER SOFTWARE TO GENERATE SURFACE REFLECTANCE VALUES OF MULTIESPECTRAL IMAGERY ACQUIRED BY THE PARROT SEQUOIA CAMERA<\/p>\n<p>&nbsp;<\/p>\n<p>Andr\u00e9 Carrilho and Mauricio Galo<\/p>\n<p>OPTIMIZED BUILDING ROOF MODELLING WITH STRATIFIED RANDOM SAMPLE CONSENSUS<\/p>\n<p>&nbsp;<\/p>\n<p>Luiz Eduardo Christovam, Milton Hirokazu Shimabukuro, Maria De Lourdes Bueno Trindade Galo and Franciele Marques Tolentino<\/p>\n<p>AN SPATIAL-TEMPORAL IMAGE SEGMENTATION APPROACH THROUGH PRINCIPAL COMPONENTS IMAGERY<\/p>\n<p>&nbsp;<\/p>\n<p>Deives Gabriel Bortolanza E Santos, Jos\u00e9 Marcato Junior and Diovany Doffinger Ramos<\/p>\n<p>ESTIMATION OF THE BIOMASS OF GROUND COVER PLANTS USING UNMANNED AERIAL VEHICLE (UAV)<\/p>\n<p>&nbsp;<\/p>\n<p>Raquel Godoi, Paulo Oliveira, Carina Colman and Andr\u00e9 Almagro<\/p>\n<p>PROJECTED LAND-USE AND CLIMATE CHANGE IMPACTS ON SOIL EROSION IN THE AMAZON<\/p>\n<p>&nbsp;<\/p>\n<p>Alex Kobayashi and Paulo Oliveira<\/p>\n<p>LONG-TERM TREND ANALYSIS IN WATER FLUXES ACROSS THE BRAZILIAN CERRADO<\/p>\n<p>&nbsp;<\/p>\n<p>Thales Akiyama, Jos\u00e9 Marcato Junior and Antonio Tommaselli<\/p>\n<p>EVALUATION OF RIGOROUS AND GENERALIZED MODELS IN GEOMETRIC CORRECTION OF CBERS-4 \/ PAN IMAGES<\/p>\n<p>&nbsp;<\/p>\n<p>Camila De Souza<\/p>\n<p>USE OF GEOTECHNOLOGIES IN URBAN CLIMATE ANALYSIS<\/p>\n<p>&nbsp;<\/p>\n<p>\u00c9velyn Camila Casadias Pinheiro and Jos\u00e9 Marcato Junior<\/p>\n<p>REMOTE SENSING APPLIED TO THE ENVIRONMENTAL REGULARIZATION OF RURAL PROPERTIES<\/p>\n<p>&nbsp;<\/p>\n<p>Vanessa Aparecida de Moraes Weber, Fabricio De Lima Weber, Adair Da Silva Oliveira Junior, Gilberto Astolfi, Marina de Nadai Bonin, Luis Carlos Vinhas \u00cdtavo, Eduardo Souza Leal, Jos\u00e9 Marcato Junior, Geison Rezende Salgado Filho and Hemerson Pistori<\/p>\n<p>PREDICTION OF LIVE WEIGHT OF CATTLE USING UAVs: PRELIMINARY RESULTS<\/p>\n<p>&nbsp;<\/p>\n<p>Lucas Oliveira and Jose Marcato Jr<\/p>\n<p>REMOTE SENSING APPLIED TO THE WATER STORAGE ESTIMATION IN THE PARANA BASIN<\/p>\n<p>&nbsp;<\/p>\n<p>David Di Martini and Jos\u00e9 Marcato Junior<\/p>\n<p>MULTITEMPORAL ANALYSIS OF LAND COVER AND ITS INFLUENCE ON FEDERAL HIGHWAY BR-163 INFRASTRUCTURE<\/p>\n<p>&nbsp;<\/p>\n<p>David Di Martini, Jos\u00e9 Junior, Hemerson Pistori, Amaury Castro Junior, Cristian Haas, Edson Matsubara, Everton Tetila, Henrique Siqueira, M\u00e1rio Carvalho and Veraldo Liesenberg<\/p>\n<p>MACHINE LEARNING APPLIED TO UAV IMAGERY IN PRECISION AGRICULTURE AND FOREST MONITORING<\/p>\n<p>&nbsp;<\/p>\n<p>Hugo Inoc\u00eancio<\/p>\n<p>THE APPLICATION OF GIS IN THE IMPLANTATION AND CONSERVATION MANAGEMENT IN THE BODOQUENA PLATEAU, MATO GROSSO DO SUL<\/p>\n<p>&nbsp;<\/p>\n<h2 style=\"text-align: center\"><strong>Thursday, 01 &#8211; Nov.<\/strong><\/h2>\n<p>&nbsp;<\/p>\n<p>Mauricio Souza and Jos\u00e9 Marcato Junior<\/p>\n<p>ACCURACY ANALYSIS OF TANDEM DIGITAL ELEVATION MODEL IN CAMPO GRANDE\/MS<\/p>\n<p>&nbsp;<\/p>\n<p>Mabel Ortega, Jose Bermudez, Pedro Soto and Raul Queiroz<\/p>\n<p>UNSUPERVISED REPRESENTATION LEARNING FOR CLASSIFICATION OF REMOTE SENSING IMAGES BASED ON GENERATIVE ADVERSARIAL NETWORKS<\/p>\n<p>&nbsp;<\/p>\n<p>Franciele Marques Tolentino, Maria De Lourdes Bueno Trindade Galo and Luiz Eduardo Christovam<\/p>\n<p>MULTISOURCE DATA FOR LAND USE\/COVER CLASSIFICATION USING MACHINE LEARNING<\/p>\n<p>&nbsp;<\/p>\n<p>Henrique Oliveira, Vitor Guizilini, Israel Nunes and Jefferson Souza<\/p>\n<p>A NEW METHODOLOGY FOR CROP FAILURE DETECTION IN UAV IMAGERY BY USING IMAGE PROCESSING BASED ON MATHEMATICAL MORPHOLOGY<\/p>\n<p>&nbsp;<\/p>\n<p>Renato Cesar Dos Santos, Andr\u00e9 Carrilho, Guilherme Gomes Pessoa and Mauricio Galo<\/p>\n<p>ASSESSMENT OF AIRBORNE LASER SCANNING DATA CLASSIFICATION FROM LASTOOLS SOFTWARE<\/p>\n<p>&nbsp;<\/p>\n<p>Jullian Sone, Gabriela Gesualdo, Pedro Zamboni and Paulo Oliveira<\/p>\n<p>SPATIO-TEMPORAL ANALYSIS OF SOIL EROSION USING REMOTE SENSING TO EVALUATE PES<\/p>\n<p>&nbsp;<\/p>\n<p>Luciene Martins, Marcio Araujo, Geison Rezende Filho, Hemerson Pistori and Jose Marcato Junior<\/p>\n<p>MACHINE LEARNING APPLIED TO TABEBUIA SP. CLASSIFICATION USING UAV IMAGERY<\/p>\n<p>&nbsp;<\/p>\n<p>Fabio Lobo and Carlos Silva<\/p>\n<p>BIBLIOGRAPHIC REVIEW OF THE USE OF RPAS FOR PHOTOGRAMMETRY AND REMOTE SENSING IN BRAZILIAN MONOGRAPHS<\/p>\n<p>&nbsp;<\/p>\n<p>Henrique Siqueira and Jos\u00e9 Marcato Junior<\/p>\n<p>VOLUMETRIC SURVEY WITH DRONES IN OPEN PIT MINES<\/p>\n<p>&nbsp;<\/p>\n<p>Camila Godoy, Bruna Rodrigues, Thais Arco, Larissa Higano, Kedma Ferelli, Camila \u00cdtavo, Marina Bonim and Luis \u00cdtavo<\/p>\n<p>VIS-NIRS AS AN ENVIRONMENTALLY-FRIENDLY METHOD TO PREDICT LAMB MEAT QUALITY<\/p>\n<p>&nbsp;<\/p>\n<p>Ja\u00edza Motta, Raquel Godoi, Ciomara Mirando, Ludmila Darzi and Antonio Paranhos Filho<\/p>\n<p>ANALYSIS OF THE SOIL COVERAGE SPATIAL DYNAMICS IN A PANTANAL REGION<\/p>\n<p>&nbsp;<\/p>\n<p>Henrique Siqueira, Jos\u00e9 Marcato Junior, Geison Filho and Edson Matsubara<\/p>\n<p>THE IMPACT OF IMAGE OVERLAP ON STRUCTURE-FROM-MOTION PHOTOGRAMMETRY<\/p>\n<p>&nbsp;","protected":false},"excerpt":{"rendered":"<p>Tuesday, 30 &#8211; Oct. &nbsp; Carina Colman, Paulo Tarso Oliveira, Andr\u00e9 Almagro and Britaldo Soares Filho IMPACTS OF CLIMATE AND LAND USE CHANGE ON SOIL EROSION IN THE UPPER PARAGUAY BASIN &nbsp; Marcela do Valle Machado, Antonio Maria Garcia Tommaselli and Mariana Batista Campos ASSESSMENT OF A LIGHT-WEIGHT UAV LASER SCANNING SYSTEM FOR DSM GENERATION [&hellip;]<\/p>\n","protected":false},"author":6465,"featured_media":0,"parent":0,"menu_order":0,"comment_status":"closed","ping_status":"closed","template":"","meta":{"ngg_post_thumbnail":0,"footnotes":""},"coauthors":[],"class_list":["post-575","page","type-page","status-publish","hentry"],"_links":{"self":[{"href":"https:\/\/grss-isprs.ufms.br\/en\/wp-json\/wp\/v2\/pages\/575","targetHints":{"allow":["GET"]}}],"collection":[{"href":"https:\/\/grss-isprs.ufms.br\/en\/wp-json\/wp\/v2\/pages"}],"about":[{"href":"https:\/\/grss-isprs.ufms.br\/en\/wp-json\/wp\/v2\/types\/page"}],"author":[{"embeddable":true,"href":"https:\/\/grss-isprs.ufms.br\/en\/wp-json\/wp\/v2\/users\/6465"}],"replies":[{"embeddable":true,"href":"https:\/\/grss-isprs.ufms.br\/en\/wp-json\/wp\/v2\/comments?post=575"}],"version-history":[{"count":7,"href":"https:\/\/grss-isprs.ufms.br\/en\/wp-json\/wp\/v2\/pages\/575\/revisions"}],"predecessor-version":[{"id":600,"href":"https:\/\/grss-isprs.ufms.br\/en\/wp-json\/wp\/v2\/pages\/575\/revisions\/600"}],"wp:attachment":[{"href":"https:\/\/grss-isprs.ufms.br\/en\/wp-json\/wp\/v2\/media?parent=575"}],"wp:term":[{"taxonomy":"author","embeddable":true,"href":"https:\/\/grss-isprs.ufms.br\/en\/wp-json\/wp\/v2\/coauthors?post=575"}],"curies":[{"name":"wp","href":"https:\/\/api.w.org\/{rel}","templated":true}]}}